{"id":518,"date":"2024-10-30T16:04:13","date_gmt":"2024-10-30T16:04:13","guid":{"rendered":"https:\/\/carat.com.do\/MMAP\/?page_id=518"},"modified":"2024-10-30T16:08:17","modified_gmt":"2024-10-30T16:08:17","slug":"terminos-y-condiciones","status":"publish","type":"page","link":"https:\/\/carat.com.do\/mmap\/terminos-y-condiciones\/","title":{"rendered":"T\u00e9rminos y Condiciones"},"content":{"rendered":"\t\t<div data-elementor-type=\"wp-page\" data-elementor-id=\"518\" class=\"elementor elementor-518\" data-elementor-post-type=\"page\">\n\t\t\t\t<div class=\"elementor-element elementor-element-e8dba8e e-flex e-con-boxed e-con e-parent\" data-id=\"e8dba8e\" data-element_type=\"container\">\n\t\t\t\t\t<div class=\"e-con-inner\">\n\t\t\t\t<div class=\"elementor-element elementor-element-7768c4c elementor-widget elementor-widget-heading\" data-id=\"7768c4c\" data-element_type=\"widget\" data-widget_type=\"heading.default\">\n\t\t\t\t<div class=\"elementor-widget-container\">\n\t\t\t<h2 class=\"elementor-heading-title elementor-size-default\">T\u00e9rminos y Condiciones<\/h2>\t\t<\/div>\n\t\t\t\t<\/div>\n\t\t\t\t<div class=\"elementor-element elementor-element-d0be7b5 elementor-widget elementor-widget-text-editor\" data-id=\"d0be7b5\" data-element_type=\"widget\" data-widget_type=\"text-editor.default\">\n\t\t\t\t<div class=\"elementor-widget-container\">\n\t\t\t\t\t\t\t<h2>Pol\u00edtica de Privacidad<\/h2><p>La presente Pol\u00edtica de Privacidad establece los t\u00e9rminos en que Carat usa y protege la informaci\u00f3n que es proporcionada por sus usuarios al momento de utilizar su sitio web. Esta compa\u00f1\u00eda est\u00e1 comprometida con la seguridad de los datos de sus usuarios. Cuando le pedimos llenar los campos de informaci\u00f3n personal con la cual usted pueda ser identificado, lo hacemos asegurando que s\u00f3lo se emplear\u00e1 de acuerdo con los t\u00e9rminos de este documento. Sin embargo, esta Pol\u00edtica de Privacidad puede cambiar con el tiempo o ser actualizada, por lo que le recomendamos y enfatizamos revisar continuamente esta p\u00e1gina para asegurarse que est\u00e1 de acuerdo con dichos cambios.<\/p><h3>Informaci\u00f3n que es recogida<\/h3><p>Nuestro sitio web podr\u00e1 recoger informaci\u00f3n personal, por ejemplo: Nombre, informaci\u00f3n de contacto como su direcci\u00f3n de correo electr\u00f3nico y tel\u00e9fono.\u00a0Carat est\u00e1 altamente comprometido para cumplir con el compromiso de mantener su informaci\u00f3n segura. Usamos los sistemas m\u00e1s avanzados y los actualizamos constantemente para asegurarnos de que no exista ning\u00fan acceso no autorizado.<\/p><h3>Cookies<\/h3><p>Una cookie se refiere a un fichero que es enviado con la finalidad de solicitar permiso para almacenarse en su ordenador, al aceptar dicho fichero se crea y la cookie sirve entonces para tener informaci\u00f3n respecto al tr\u00e1fico web, y tambi\u00e9n facilita las futuras visitas a una web recurrente. Otra funci\u00f3n que tienen las cookies es que con ellas las web pueden reconocerte individualmente y por tanto brindarte el mejor servicio personalizado de su web.<\/p><p>Nuestro sitio web emplea las cookies para poder identificar las p\u00e1ginas que son visitadas y su frecuencia. Esta informaci\u00f3n es empleada \u00fanicamente para an\u00e1lisis estad\u00edstico y despu\u00e9s la informaci\u00f3n se elimina de forma permanente. Usted puede eliminar las cookies en cualquier momento desde su ordenador. Sin embargo, la mayor\u00eda de navegadores aceptan cookies autom\u00e1ticamente pues sirve para tener un mejor servicio web. Tambi\u00e9n usted puede cambiar la configuraci\u00f3n de su ordenador para declinar las cookies. Si se declinan es posible que no pueda utilizar algunos de nuestros servicios.<\/p><h3>Control de su informaci\u00f3n personal<\/h3><p>Esta compa\u00f1\u00eda no vender\u00e1, ceder\u00e1 ni distribuir\u00e1 la informaci\u00f3n personal que es recopilada sin su consentimiento, salvo que sea requerido por un juez con un orden judicial.\u00a0Carat se reserva el derecho de cambiar los t\u00e9rminos de la presente Pol\u00edtica de Privacidad en cualquier momento.<\/p>\t\t\t\t\t\t<\/div>\n\t\t\t\t<\/div>\n\t\t\t\t\t<\/div>\n\t\t\t\t<\/div>\n\t\t\t\t<\/div>\n\t\t","protected":false},"excerpt":{"rendered":"<p>T\u00e9rminos y Condiciones Pol\u00edtica de Privacidad La presente Pol\u00edtica de Privacidad establece los t\u00e9rminos en que Carat usa y protege la informaci\u00f3n que es proporcionada por sus usuarios al momento de utilizar su sitio web. Esta compa\u00f1\u00eda est\u00e1 comprometida con la seguridad de los datos de sus usuarios. Cuando le pedimos llenar los campos de [&hellip;]<\/p>\n","protected":false},"author":2,"featured_media":0,"parent":0,"menu_order":0,"comment_status":"closed","ping_status":"closed","template":"","meta":{"footnotes":""},"class_list":["post-518","page","type-page","status-publish","hentry"],"yoast_head":"<!-- This site is optimized with the Yoast SEO plugin v24.0 - https:\/\/yoast.com\/wordpress\/plugins\/seo\/ -->\n<title>T\u00e9rminos y Condiciones - carat-landing<\/title>\n<meta name=\"robots\" content=\"index, follow, max-snippet:-1, max-image-preview:large, max-video-preview:-1\" \/>\n<link rel=\"canonical\" href=\"https:\/\/carat.com.do\/mmap\/terminos-y-condiciones\/\" \/>\n<meta property=\"og:locale\" content=\"en_US\" \/>\n<meta property=\"og:type\" content=\"article\" \/>\n<meta property=\"og:title\" content=\"T\u00e9rminos y Condiciones - carat-landing\" \/>\n<meta property=\"og:description\" content=\"T\u00e9rminos y Condiciones Pol\u00edtica de Privacidad La presente Pol\u00edtica de Privacidad establece los t\u00e9rminos en que Carat usa y protege la informaci\u00f3n que es proporcionada por sus usuarios al momento de utilizar su sitio web. Esta compa\u00f1\u00eda est\u00e1 comprometida con la seguridad de los datos de sus usuarios. Cuando le pedimos llenar los campos de [&hellip;]\" \/>\n<meta property=\"og:url\" content=\"https:\/\/carat.com.do\/mmap\/terminos-y-condiciones\/\" \/>\n<meta property=\"og:site_name\" content=\"carat-landing\" \/>\n<meta property=\"article:modified_time\" content=\"2024-10-30T16:08:17+00:00\" \/>\n<meta name=\"twitter:card\" content=\"summary_large_image\" \/>\n<meta name=\"twitter:label1\" content=\"Est. reading time\" \/>\n\t<meta name=\"twitter:data1\" content=\"2 minutes\" \/>\n<script type=\"application\/ld+json\" class=\"yoast-schema-graph\">{\"@context\":\"https:\/\/schema.org\",\"@graph\":[{\"@type\":\"WebPage\",\"@id\":\"https:\/\/carat.com.do\/mmap\/terminos-y-condiciones\/\",\"url\":\"https:\/\/carat.com.do\/mmap\/terminos-y-condiciones\/\",\"name\":\"T\u00e9rminos y Condiciones - carat-landing\",\"isPartOf\":{\"@id\":\"https:\/\/carat.com.do\/mmap\/#website\"},\"datePublished\":\"2024-10-30T16:04:13+00:00\",\"dateModified\":\"2024-10-30T16:08:17+00:00\",\"breadcrumb\":{\"@id\":\"https:\/\/carat.com.do\/mmap\/terminos-y-condiciones\/#breadcrumb\"},\"inLanguage\":\"en-US\",\"potentialAction\":[{\"@type\":\"ReadAction\",\"target\":[\"https:\/\/carat.com.do\/mmap\/terminos-y-condiciones\/\"]}]},{\"@type\":\"BreadcrumbList\",\"@id\":\"https:\/\/carat.com.do\/mmap\/terminos-y-condiciones\/#breadcrumb\",\"itemListElement\":[{\"@type\":\"ListItem\",\"position\":1,\"name\":\"Home\",\"item\":\"https:\/\/carat.com.do\/mmap\/\"},{\"@type\":\"ListItem\",\"position\":2,\"name\":\"T\u00e9rminos y Condiciones\"}]},{\"@type\":\"WebSite\",\"@id\":\"https:\/\/carat.com.do\/mmap\/#website\",\"url\":\"https:\/\/carat.com.do\/mmap\/\",\"name\":\"carat-landing\",\"description\":\"\",\"publisher\":{\"@id\":\"https:\/\/carat.com.do\/mmap\/#organization\"},\"potentialAction\":[{\"@type\":\"SearchAction\",\"target\":{\"@type\":\"EntryPoint\",\"urlTemplate\":\"https:\/\/carat.com.do\/mmap\/?s={search_term_string}\"},\"query-input\":{\"@type\":\"PropertyValueSpecification\",\"valueRequired\":true,\"valueName\":\"search_term_string\"}}],\"inLanguage\":\"en-US\"},{\"@type\":\"Organization\",\"@id\":\"https:\/\/carat.com.do\/mmap\/#organization\",\"name\":\"carat-landing\",\"url\":\"https:\/\/carat.com.do\/mmap\/\",\"logo\":{\"@type\":\"ImageObject\",\"inLanguage\":\"en-US\",\"@id\":\"https:\/\/carat.com.do\/mmap\/#\/schema\/logo\/image\/\",\"url\":\"https:\/\/carat.com.do\/mmap\/wp-content\/uploads\/2024\/09\/Asset-1-1-1.png\",\"contentUrl\":\"https:\/\/carat.com.do\/mmap\/wp-content\/uploads\/2024\/09\/Asset-1-1-1.png\",\"width\":173,\"height\":42,\"caption\":\"carat-landing\"},\"image\":{\"@id\":\"https:\/\/carat.com.do\/mmap\/#\/schema\/logo\/image\/\"}}]}<\/script>\n<!-- \/ Yoast SEO plugin. -->","yoast_head_json":{"title":"T\u00e9rminos y Condiciones - carat-landing","robots":{"index":"index","follow":"follow","max-snippet":"max-snippet:-1","max-image-preview":"max-image-preview:large","max-video-preview":"max-video-preview:-1"},"canonical":"https:\/\/carat.com.do\/mmap\/terminos-y-condiciones\/","og_locale":"en_US","og_type":"article","og_title":"T\u00e9rminos y Condiciones - carat-landing","og_description":"T\u00e9rminos y Condiciones Pol\u00edtica de Privacidad La presente Pol\u00edtica de Privacidad establece los t\u00e9rminos en que Carat usa y protege la informaci\u00f3n que es proporcionada por sus usuarios al momento de utilizar su sitio web. Esta compa\u00f1\u00eda est\u00e1 comprometida con la seguridad de los datos de sus usuarios. Cuando le pedimos llenar los campos de [&hellip;]","og_url":"https:\/\/carat.com.do\/mmap\/terminos-y-condiciones\/","og_site_name":"carat-landing","article_modified_time":"2024-10-30T16:08:17+00:00","twitter_card":"summary_large_image","twitter_misc":{"Est. reading time":"2 minutes"},"schema":{"@context":"https:\/\/schema.org","@graph":[{"@type":"WebPage","@id":"https:\/\/carat.com.do\/mmap\/terminos-y-condiciones\/","url":"https:\/\/carat.com.do\/mmap\/terminos-y-condiciones\/","name":"T\u00e9rminos y Condiciones - carat-landing","isPartOf":{"@id":"https:\/\/carat.com.do\/mmap\/#website"},"datePublished":"2024-10-30T16:04:13+00:00","dateModified":"2024-10-30T16:08:17+00:00","breadcrumb":{"@id":"https:\/\/carat.com.do\/mmap\/terminos-y-condiciones\/#breadcrumb"},"inLanguage":"en-US","potentialAction":[{"@type":"ReadAction","target":["https:\/\/carat.com.do\/mmap\/terminos-y-condiciones\/"]}]},{"@type":"BreadcrumbList","@id":"https:\/\/carat.com.do\/mmap\/terminos-y-condiciones\/#breadcrumb","itemListElement":[{"@type":"ListItem","position":1,"name":"Home","item":"https:\/\/carat.com.do\/mmap\/"},{"@type":"ListItem","position":2,"name":"T\u00e9rminos y Condiciones"}]},{"@type":"WebSite","@id":"https:\/\/carat.com.do\/mmap\/#website","url":"https:\/\/carat.com.do\/mmap\/","name":"carat-landing","description":"","publisher":{"@id":"https:\/\/carat.com.do\/mmap\/#organization"},"potentialAction":[{"@type":"SearchAction","target":{"@type":"EntryPoint","urlTemplate":"https:\/\/carat.com.do\/mmap\/?s={search_term_string}"},"query-input":{"@type":"PropertyValueSpecification","valueRequired":true,"valueName":"search_term_string"}}],"inLanguage":"en-US"},{"@type":"Organization","@id":"https:\/\/carat.com.do\/mmap\/#organization","name":"carat-landing","url":"https:\/\/carat.com.do\/mmap\/","logo":{"@type":"ImageObject","inLanguage":"en-US","@id":"https:\/\/carat.com.do\/mmap\/#\/schema\/logo\/image\/","url":"https:\/\/carat.com.do\/mmap\/wp-content\/uploads\/2024\/09\/Asset-1-1-1.png","contentUrl":"https:\/\/carat.com.do\/mmap\/wp-content\/uploads\/2024\/09\/Asset-1-1-1.png","width":173,"height":42,"caption":"carat-landing"},"image":{"@id":"https:\/\/carat.com.do\/mmap\/#\/schema\/logo\/image\/"}}]}},"_links":{"self":[{"href":"https:\/\/carat.com.do\/mmap\/wp-json\/wp\/v2\/pages\/518","targetHints":{"allow":["GET"]}}],"collection":[{"href":"https:\/\/carat.com.do\/mmap\/wp-json\/wp\/v2\/pages"}],"about":[{"href":"https:\/\/carat.com.do\/mmap\/wp-json\/wp\/v2\/types\/page"}],"author":[{"embeddable":true,"href":"https:\/\/carat.com.do\/mmap\/wp-json\/wp\/v2\/users\/2"}],"replies":[{"embeddable":true,"href":"https:\/\/carat.com.do\/mmap\/wp-json\/wp\/v2\/comments?post=518"}],"version-history":[{"count":22,"href":"https:\/\/carat.com.do\/mmap\/wp-json\/wp\/v2\/pages\/518\/revisions"}],"predecessor-version":[{"id":541,"href":"https:\/\/carat.com.do\/mmap\/wp-json\/wp\/v2\/pages\/518\/revisions\/541"}],"wp:attachment":[{"href":"https:\/\/carat.com.do\/mmap\/wp-json\/wp\/v2\/media?parent=518"}],"curies":[{"name":"wp","href":"https:\/\/api.w.org\/{rel}","templated":true}]}}